{"id":15324,"date":"2015-11-18T08:34:00","date_gmt":"2015-11-18T08:34:00","guid":{"rendered":"https:\/\/natural-origins.eu\/vision-general\/"},"modified":"2023-11-29T10:52:39","modified_gmt":"2023-11-29T10:52:39","slug":"vision-general","status":"publish","type":"page","link":"https:\/\/natural-origins.eu\/es\/vision-general\/","title":{"rendered":"Visi\u00f3n general"},"content":{"rendered":"\t\t<div data-elementor-type=\"wp-post\" data-elementor-id=\"15324\" class=\"elementor elementor-15324 elementor-2901\">\n\t\t\t\t<div class=\"elementor-element elementor-element-a84aae8 e-flex e-con-boxed e-con e-parent\" data-id=\"a84aae8\" data-element_type=\"container\" data-e-type=\"container\" data-settings=\"{&quot;background_background&quot;:&quot;classic&quot;}\">\n\t\t\t\t\t<div class=\"e-con-inner\">\n\t\t\t\t<div class=\"elementor-element elementor-element-6ec2cb8 elementor-widget elementor-widget-heading\" data-id=\"6ec2cb8\" data-element_type=\"widget\" data-e-type=\"widget\" data-widget_type=\"heading.default\">\n\t\t\t\t<div class=\"elementor-widget-container\">\n\t\t\t\t\t<h1 class=\"elementor-heading-title elementor-size-default\">Acerca de<\/h1>\t\t\t\t<\/div>\n\t\t\t\t<\/div>\n\t\t\t\t<div class=\"elementor-element elementor-element-5ac928e elementor-widget elementor-widget-heading\" data-id=\"5ac928e\" data-element_type=\"widget\" data-e-type=\"widget\" data-widget_type=\"heading.default\">\n\t\t\t\t<div class=\"elementor-widget-container\">\n\t\t\t\t\t<h2 class=\"elementor-heading-title elementor-size-default\">Visi\u00f3n general<\/h2>\t\t\t\t<\/div>\n\t\t\t\t<\/div>\n\t\t\t\t\t<\/div>\n\t\t\t\t<\/div>\n\t\t<div class=\"elementor-element elementor-element-d093bcb e-flex e-con-boxed e-con e-parent\" data-id=\"d093bcb\" data-element_type=\"container\" data-e-type=\"container\">\n\t\t\t\t\t<div class=\"e-con-inner\">\n\t\t<div class=\"elementor-element elementor-element-f42f6bf e-con-full e-flex e-con e-child\" data-id=\"f42f6bf\" data-element_type=\"container\" data-e-type=\"container\">\n\t\t\t\t<div class=\"elementor-element elementor-element-2966b09 elementor-widget elementor-widget-image\" data-id=\"2966b09\" data-element_type=\"widget\" data-e-type=\"widget\" data-widget_type=\"image.default\">\n\t\t\t\t<div class=\"elementor-widget-container\">\n\t\t\t\t\t\t\t\t\t\t\t\t\t\t\t<img fetchpriority=\"high\" decoding=\"async\" width=\"640\" height=\"473\" src=\"https:\/\/natural-origins.eu\/wp-content\/uploads\/2023\/10\/pic-goal-home@2x-1024x757.png\" class=\"attachment-large size-large wp-image-15149\" alt=\"\" srcset=\"https:\/\/natural-origins.eu\/wp-content\/uploads\/2023\/10\/pic-goal-home@2x-1024x757.png 1024w, https:\/\/natural-origins.eu\/wp-content\/uploads\/2023\/10\/pic-goal-home@2x-300x222.png 300w, https:\/\/natural-origins.eu\/wp-content\/uploads\/2023\/10\/pic-goal-home@2x-768x568.png 768w, https:\/\/natural-origins.eu\/wp-content\/uploads\/2023\/10\/pic-goal-home@2x-600x443.png 600w, https:\/\/natural-origins.eu\/wp-content\/uploads\/2023\/10\/pic-goal-home@2x.png 1502w\" sizes=\"(max-width: 640px) 100vw, 640px\" \/>\t\t\t\t\t\t\t\t\t\t\t\t\t\t\t<\/div>\n\t\t\t\t<\/div>\n\t\t\t\t<\/div>\n\t\t<div class=\"elementor-element elementor-element-100bce6 e-con-full e-flex e-con e-child\" data-id=\"100bce6\" data-element_type=\"container\" data-e-type=\"container\">\n\t\t\t\t<div class=\"elementor-element elementor-element-508f342 elementor-widget-divider--view-line elementor-widget elementor-widget-divider\" data-id=\"508f342\" data-element_type=\"widget\" data-e-type=\"widget\" data-widget_type=\"divider.default\">\n\t\t\t\t<div class=\"elementor-widget-container\">\n\t\t\t\t\t\t\t<div class=\"elementor-divider\">\n\t\t\t<span class=\"elementor-divider-separator\">\n\t\t\t\t\t\t<\/span>\n\t\t<\/div>\n\t\t\t\t\t\t<\/div>\n\t\t\t\t<\/div>\n\t\t\t\t<div class=\"elementor-element elementor-element-56daacd elementor-widget elementor-widget-heading\" data-id=\"56daacd\" data-element_type=\"widget\" data-e-type=\"widget\" data-widget_type=\"heading.default\">\n\t\t\t\t<div class=\"elementor-widget-container\">\n\t\t\t\t\t<h2 class=\"elementor-heading-title elementor-size-default\">Objetivo principal<\/h2>\t\t\t\t<\/div>\n\t\t\t\t<\/div>\n\t\t\t\t<div class=\"elementor-element elementor-element-772a1ee elementor-widget elementor-widget-text-editor\" data-id=\"772a1ee\" data-element_type=\"widget\" data-e-type=\"widget\" data-widget_type=\"text-editor.default\">\n\t\t\t\t<div class=\"elementor-widget-container\">\n\t\t\t\t\t\t\t\t\t<p>Fomentar la inclusi\u00f3n social de los\/as j\u00f3venes de origen migrante mediante el desarrollo de una mentalidad empresarial que les ayude a hacer realidad ideas de negocios a peque\u00f1a escala, particularmente en el campo del comercio de bienes naturales. <\/p>\n\t\t\t\t\t\t\t\t<\/div>\n\t\t\t\t<\/div>\n\t\t\t\t<\/div>\n\t\t\t\t\t<\/div>\n\t\t\t\t<\/div>\n\t\t<div class=\"elementor-element elementor-element-8f9a149 e-flex e-con-boxed e-con e-parent\" data-id=\"8f9a149\" data-element_type=\"container\" data-e-type=\"container\">\n\t\t\t\t\t<div class=\"e-con-inner\">\n\t\t\t\t<div class=\"elementor-element elementor-element-013d95c elementor-widget-divider--view-line elementor-widget elementor-widget-divider\" data-id=\"013d95c\" data-element_type=\"widget\" data-e-type=\"widget\" data-widget_type=\"divider.default\">\n\t\t\t\t<div class=\"elementor-widget-container\">\n\t\t\t\t\t\t\t<div class=\"elementor-divider\">\n\t\t\t<span class=\"elementor-divider-separator\">\n\t\t\t\t\t\t<\/span>\n\t\t<\/div>\n\t\t\t\t\t\t<\/div>\n\t\t\t\t<\/div>\n\t\t\t\t<div class=\"elementor-element elementor-element-0da5447 elementor-widget elementor-widget-heading\" data-id=\"0da5447\" data-element_type=\"widget\" data-e-type=\"widget\" data-widget_type=\"heading.default\">\n\t\t\t\t<div class=\"elementor-widget-container\">\n\t\t\t\t\t<h2 class=\"elementor-heading-title elementor-size-default\">Objetivos<\/h2>\t\t\t\t<\/div>\n\t\t\t\t<\/div>\n\t\t\t\t<div class=\"elementor-element elementor-element-1a1bac2 elementor-widget elementor-widget-text-editor\" data-id=\"1a1bac2\" data-element_type=\"widget\" data-e-type=\"widget\" data-widget_type=\"text-editor.default\">\n\t\t\t\t<div class=\"elementor-widget-container\">\n\t\t\t\t\t\t\t\t\t<p>\u2013 Desarrollar interacciones culturales y di\u00e1logo a trav\u00e9s del intercambio de conocimientos y experiencia sobre productos naturales de los pa\u00edses de origen y de acogida, contribuyendo al desarrollo de comunidades inclusivas y tolerantes. <br \/>\u2013 Proporcionar oportunidades de mejora de capacidades flexibles pero integrales a los\/as j\u00f3venes de origen migrante y, potencialmente, a otros grupos socialmente marginados o desfavorecidos. <br \/>\u2013 Apoyar el desarrollo profesional y personal continuo de los\/as formadores\/as de persona adultas que trabajan en el \u00e1mbito de la inclusi\u00f3n social.<br \/>\u2013 <b>Horizontal<\/b>: Inclusi\u00f3n y diversidad en todos los \u00e1mbitos de la educaci\u00f3n, la formaci\u00f3n, la juventud y el deporte.<br \/>\u2013 <strong>Juventud<\/strong>: promover la ciudadan\u00eda activa, el sentido de iniciativa de los\/as j\u00f3venes y el esp\u00edritu empresarial juvenil, incluido el emprendimiento social<\/p>\n\t\t\t\t\t\t\t\t<\/div>\n\t\t\t\t<\/div>\n\t\t\t\t\t<\/div>\n\t\t\t\t<\/div>\n\t\t<div class=\"elementor-element elementor-element-b803a0b e-flex e-con-boxed e-con e-parent\" data-id=\"b803a0b\" data-element_type=\"container\" data-e-type=\"container\">\n\t\t\t\t\t<div class=\"e-con-inner\">\n\t\t\t\t<div class=\"elementor-element elementor-element-b7b3bb2 elementor-widget-divider--view-line elementor-widget elementor-widget-divider\" data-id=\"b7b3bb2\" data-element_type=\"widget\" data-e-type=\"widget\" data-widget_type=\"divider.default\">\n\t\t\t\t<div class=\"elementor-widget-container\">\n\t\t\t\t\t\t\t<div class=\"elementor-divider\">\n\t\t\t<span class=\"elementor-divider-separator\">\n\t\t\t\t\t\t<\/span>\n\t\t<\/div>\n\t\t\t\t\t\t<\/div>\n\t\t\t\t<\/div>\n\t\t\t\t<div class=\"elementor-element elementor-element-20d2b05 elementor-widget elementor-widget-heading\" data-id=\"20d2b05\" data-element_type=\"widget\" data-e-type=\"widget\" data-widget_type=\"heading.default\">\n\t\t\t\t<div class=\"elementor-widget-container\">\n\t\t\t\t\t<h2 class=\"elementor-heading-title elementor-size-default\">Grupos destinatarios<\/h2>\t\t\t\t<\/div>\n\t\t\t\t<\/div>\n\t\t\t\t<div class=\"elementor-element elementor-element-7acbd3d elementor-widget elementor-widget-text-editor\" data-id=\"7acbd3d\" data-element_type=\"widget\" data-e-type=\"widget\" data-widget_type=\"text-editor.default\">\n\t\t\t\t<div class=\"elementor-widget-container\">\n\t\t\t\t\t\t\t\t\t<p>&#8211; J\u00f3venes de origen inmigrante <br \/>&#8211; Formadores\/as implicados\/as en el estudio de an\u00e1lisis de situaci\u00f3n y necesidades. <br \/>&#8211; Entrenadores\/as que participan en los \u201cTalleres de Capacitaci\u00f3n de Entrenadores de NaturalOrigins\u201d y \u201cCapacitaci\u00f3n de NaturalOrigins\u201d.<br \/>&#8211; Organizaciones participantes <br \/>&#8211; Otras partes interesadas (ONG, asociaciones de migrantes\/refugiados, empresas locales, etc.)<br \/>&#8211; Responsables pol\u00edticos y autoridades<\/p>\n\t\t\t\t\t\t\t\t<\/div>\n\t\t\t\t<\/div>\n\t\t\t\t\t<\/div>\n\t\t\t\t<\/div>\n\t\t<div class=\"elementor-element elementor-element-8657518 e-flex e-con-boxed e-con e-parent\" data-id=\"8657518\" data-element_type=\"container\" data-e-type=\"container\">\n\t\t\t\t\t<div class=\"e-con-inner\">\n\t\t\t\t<div class=\"elementor-element elementor-element-61762d4 elementor-widget-divider--view-line elementor-widget elementor-widget-divider\" data-id=\"61762d4\" data-element_type=\"widget\" data-e-type=\"widget\" data-widget_type=\"divider.default\">\n\t\t\t\t<div class=\"elementor-widget-container\">\n\t\t\t\t\t\t\t<div class=\"elementor-divider\">\n\t\t\t<span class=\"elementor-divider-separator\">\n\t\t\t\t\t\t<\/span>\n\t\t<\/div>\n\t\t\t\t\t\t<\/div>\n\t\t\t\t<\/div>\n\t\t\t\t<div class=\"elementor-element elementor-element-1b592bf elementor-widget elementor-widget-heading\" data-id=\"1b592bf\" data-element_type=\"widget\" data-e-type=\"widget\" data-widget_type=\"heading.default\">\n\t\t\t\t<div class=\"elementor-widget-container\">\n\t\t\t\t\t<h2 class=\"elementor-heading-title elementor-size-default\">Resultados esperados<\/h2>\t\t\t\t<\/div>\n\t\t\t\t<\/div>\n\t\t\t\t<div class=\"elementor-element elementor-element-8e7459e elementor-widget elementor-widget-text-editor\" data-id=\"8e7459e\" data-element_type=\"widget\" data-e-type=\"widget\" data-widget_type=\"text-editor.default\">\n\t\t\t\t<div class=\"elementor-widget-container\">\n\t\t\t\t\t\t\t\t\t<p>&#8211; El \u201cPaquete de capacitaci\u00f3n NaturalOrigins\u201d incluir\u00e1 dos partes de seis unidades cada una, que comprender\u00e1n 30 horas de capacitaci\u00f3n en total. <br \/>&#8211; El \u201cManual de Capacitaci\u00f3n de Entrenadores de NaturalOrigins\u201d <br \/>&#8211; El \u201cEspacio de aprendizaje online de NaturalOrigins\u201d que brindar\u00e1 acceso instant\u00e1neo a los resultados mencionados anteriormente. <br \/>&#8211; Los \u201cTalleres y Capacitaci\u00f3n de NaturalOrigins\u201d <br \/>&#8211; El documento de recomendaciones de pol\u00edticas para formadores\/as y organizaciones relevantes.<\/p>\n\t\t\t\t\t\t\t\t<\/div>\n\t\t\t\t<\/div>\n\t\t\t\t\t<\/div>\n\t\t\t\t<\/div>\n\t\t<div class=\"elementor-element elementor-element-215080f e-flex e-con-boxed e-con e-parent\" data-id=\"215080f\" data-element_type=\"container\" data-e-type=\"container\">\n\t\t\t\t\t<div class=\"e-con-inner\">\n\t\t\t\t<div class=\"elementor-element elementor-element-7a633aa elementor-widget-divider--view-line elementor-widget elementor-widget-divider\" data-id=\"7a633aa\" data-element_type=\"widget\" data-e-type=\"widget\" data-widget_type=\"divider.default\">\n\t\t\t\t<div class=\"elementor-widget-container\">\n\t\t\t\t\t\t\t<div class=\"elementor-divider\">\n\t\t\t<span class=\"elementor-divider-separator\">\n\t\t\t\t\t\t<\/span>\n\t\t<\/div>\n\t\t\t\t\t\t<\/div>\n\t\t\t\t<\/div>\n\t\t\t\t<div class=\"elementor-element elementor-element-6cac366 elementor-widget elementor-widget-heading\" data-id=\"6cac366\" data-element_type=\"widget\" data-e-type=\"widget\" data-widget_type=\"heading.default\">\n\t\t\t\t<div class=\"elementor-widget-container\">\n\t\t\t\t\t<h2 class=\"elementor-heading-title elementor-size-default\">Detalles<\/h2>\t\t\t\t<\/div>\n\t\t\t\t<\/div>\n\t\t\t\t<div class=\"elementor-element elementor-element-60f77ae elementor-widget elementor-widget-text-editor\" data-id=\"60f77ae\" data-element_type=\"widget\" data-e-type=\"widget\" data-widget_type=\"text-editor.default\">\n\t\t\t\t<div class=\"elementor-widget-container\">\n\t\t\t\t\t\t\t\t\t<p>Programa: Erasmus+<br \/>Acci\u00f3n clave: Cooperaci\u00f3n entre organizaciones e instituciones<br \/>Tipo de acci\u00f3n: Asociaciones de cooperaci\u00f3n en juventud<br \/>Inicio del Proyecto: 01\/05\/2023<br \/>Fin del Proyecto: 31\/10\/2024<br \/>Duraci\u00f3n del proyecto: 18 meses<br \/>Acr\u00f3nimo: NaturalOrigins<\/p>\n\t\t\t\t\t\t\t\t<\/div>\n\t\t\t\t<\/div>\n\t\t\t\t\t<\/div>\n\t\t\t\t<\/div>\n\t\t\t\t<\/div>\n\t\t","protected":false},"excerpt":{"rendered":"<p>Acerca de Visi\u00f3n general Objetivo principal Fomentar la inclusi\u00f3n social de los\/as j\u00f3venes de origen migrante mediante el desarrollo de una mentalidad empresarial que les ayude a hacer realidad ideas de negocios a peque\u00f1a escala, particularmente en el campo del &hellip; <\/p>\n","protected":false},"author":1,"featured_media":0,"parent":0,"menu_order":0,"comment_status":"closed","ping_status":"closed","template":"elementor_header_footer","meta":{"footnotes":""},"class_list":["post-15324","page","type-page","status-publish","hentry"],"_links":{"self":[{"href":"https:\/\/natural-origins.eu\/es\/wp-json\/wp\/v2\/pages\/15324","targetHints":{"allow":["GET"]}}],"collection":[{"href":"https:\/\/natural-origins.eu\/es\/wp-json\/wp\/v2\/pages"}],"about":[{"href":"https:\/\/natural-origins.eu\/es\/wp-json\/wp\/v2\/types\/page"}],"author":[{"embeddable":true,"href":"https:\/\/natural-origins.eu\/es\/wp-json\/wp\/v2\/users\/1"}],"replies":[{"embeddable":true,"href":"https:\/\/natural-origins.eu\/es\/wp-json\/wp\/v2\/comments?post=15324"}],"version-history":[{"count":1,"href":"https:\/\/natural-origins.eu\/es\/wp-json\/wp\/v2\/pages\/15324\/revisions"}],"predecessor-version":[{"id":15325,"href":"https:\/\/natural-origins.eu\/es\/wp-json\/wp\/v2\/pages\/15324\/revisions\/15325"}],"wp:attachment":[{"href":"https:\/\/natural-origins.eu\/es\/wp-json\/wp\/v2\/media?parent=15324"}],"curies":[{"name":"wp","href":"https:\/\/api.w.org\/{rel}","templated":true}]}}