{"id":15332,"date":"2023-10-30T12:36:02","date_gmt":"2023-10-30T12:36:02","guid":{"rendered":"https:\/\/natural-origins.eu\/resultados\/"},"modified":"2024-02-22T12:59:43","modified_gmt":"2024-02-22T12:59:43","slug":"resultados","status":"publish","type":"page","link":"https:\/\/natural-origins.eu\/es\/resultados\/","title":{"rendered":"Resultados"},"content":{"rendered":"\t\t<div data-elementor-type=\"wp-post\" data-elementor-id=\"15332\" class=\"elementor elementor-15332 elementor-14396\">\n\t\t\t\t<div class=\"elementor-element elementor-element-816108d e-flex e-con-boxed e-con e-parent\" data-id=\"816108d\" data-element_type=\"container\" data-e-type=\"container\" data-settings=\"{&quot;background_background&quot;:&quot;classic&quot;}\">\n\t\t\t\t\t<div class=\"e-con-inner\">\n\t\t\t\t<div class=\"elementor-element elementor-element-2d41475 elementor-widget elementor-widget-heading\" data-id=\"2d41475\" data-element_type=\"widget\" data-e-type=\"widget\" data-widget_type=\"heading.default\">\n\t\t\t\t<div class=\"elementor-widget-container\">\n\t\t\t\t\t<h1 class=\"elementor-heading-title elementor-size-default\">Resultados<\/h1>\t\t\t\t<\/div>\n\t\t\t\t<\/div>\n\t\t\t\t\t<\/div>\n\t\t\t\t<\/div>\n\t\t<div class=\"elementor-element elementor-element-d093bcb e-flex e-con-boxed e-con e-parent\" data-id=\"d093bcb\" data-element_type=\"container\" data-e-type=\"container\" data-settings=\"{&quot;background_background&quot;:&quot;classic&quot;}\">\n\t\t\t\t\t<div class=\"e-con-inner\">\n\t\t<div class=\"elementor-element elementor-element-8b76f9c e-con-full e-flex e-con e-child\" data-id=\"8b76f9c\" data-element_type=\"container\" data-e-type=\"container\">\n\t\t\t\t<div class=\"elementor-element elementor-element-baf43e9 elementor-widget-divider--view-line elementor-widget elementor-widget-divider\" data-id=\"baf43e9\" data-element_type=\"widget\" data-e-type=\"widget\" data-widget_type=\"divider.default\">\n\t\t\t\t<div class=\"elementor-widget-container\">\n\t\t\t\t\t\t\t<div class=\"elementor-divider\">\n\t\t\t<span class=\"elementor-divider-separator\">\n\t\t\t\t\t\t<\/span>\n\t\t<\/div>\n\t\t\t\t\t\t<\/div>\n\t\t\t\t<\/div>\n\t\t\t\t<div class=\"elementor-element elementor-element-b1372f3 elementor-widget elementor-widget-text-editor\" data-id=\"b1372f3\" data-element_type=\"widget\" data-e-type=\"widget\" data-widget_type=\"text-editor.default\">\n\t\t\t\t<div class=\"elementor-widget-container\">\n\t\t\t\t\t\t\t\t\t<p>El Proyecto <strong>NaturalOrigins<\/strong> producir\u00e1 resultados significativos en su misi\u00f3n de fomentar la inclusi\u00f3n social entre los j\u00f3venes de origen migrante. <\/p>\n\t\t\t\t\t\t\t\t<\/div>\n\t\t\t\t<\/div>\n\t\t\t\t<div class=\"elementor-element elementor-element-d5626bd elementor-widget elementor-widget-text-editor\" data-id=\"d5626bd\" data-element_type=\"widget\" data-e-type=\"widget\" data-widget_type=\"text-editor.default\">\n\t\t\t\t<div class=\"elementor-widget-container\">\n\t\t\t\t\t\t\t\t\t<p>Mediante el cultivo de una mentalidad empresarial y el desarrollo de habilidades esenciales, el proyecto capacitar\u00e1 a las\/os participantes para establecer peque\u00f1as empresas, particularmente en pa\u00edses donde las oportunidades de autoempleo para personas no nativas son notablemente limitadas.<\/p><p>Uno de los resultados clave del proyecto ser\u00e1 la creaci\u00f3n de oportunidades de autoempleo para j\u00f3venes inmigrantes, abordando la disparidad en las tasas de emprendimiento entre las poblaciones nativas y no nativas. Al facilitar el establecimiento de peque\u00f1as empresas, el proyecto tiene como objetivo aliviar las limitaciones financieras y mejorar la calidad de vida de las\/os participantes, promoviendo as\u00ed una mayor participaci\u00f3n social y actividad dentro de sus comunidades.<\/p><p>El esp\u00edritu empresarial entre las\/os j\u00f3venes migrantes no s\u00f3lo ofrecer\u00e1 seguridad financiera sino que tambi\u00e9n fomentar\u00e1 la autorresiliencia, equipando a las personas con las herramientas y recursos necesarios para afrontar los desaf\u00edos econ\u00f3micos y perseguir sus aspiraciones.<\/p><p>Un elemento esencial del enfoque del proyecto es centrarse en el comercio de productos naturales, incluidos productos comestibles (como hierbas, especias y frutas) y no comestibles (como aceites esenciales y semillas). Este \u00e9nfasis no s\u00f3lo sirve como un camino hacia el esp\u00edritu empresarial sino que tambi\u00e9n fomenta la interacci\u00f3n cultural y el entendimiento entre los miembros de las comunidades locales.<\/p><p>La culminaci\u00f3n del proyecto es el Paquete de Capacitaci\u00f3n NaturalOrigins, que consta de dos partes con cinco unidades cada una, que ofrece un programa de capacitaci\u00f3n integral de 30 horas. El paquete incluir\u00e1 el manual de formaci\u00f3n de formadores de NaturalOrigins, el espacio de aprendizaje online de NaturalOrigins que proporciona acceso a materiales de formaci\u00f3n, as\u00ed como talleres y sesiones de formaci\u00f3n dise\u00f1ados para impartir conocimientos y habilidades esenciales.<\/p><p>Adem\u00e1s, el proyecto generar\u00e1 ideas y recomendaciones valiosas descritas en el Documento de recomendaciones de pol\u00edticas, que servir\u00e1 como gu\u00eda para capacitadores y organizaciones relevantes, facilitando la adopci\u00f3n e implementaci\u00f3n m\u00e1s amplia de iniciativas similares destinadas a promover la inclusi\u00f3n social y el empoderamiento econ\u00f3mico entre las\/os j\u00f3venes migrantes.<\/p><p>A trav\u00e9s de su enfoque multifac\u00e9tico y de los resultados tangibles, el Proyecto NaturalOrigins ser\u00e1 un testimonio del potencial transformador del esp\u00edritu empresarial para mejorar las vidas y oportunidades de la juventud de origen migrante, al tiempo que fomenta el intercambio intercultural y la cohesi\u00f3n comunitaria.<\/p>\t\t\t\t\t\t\t\t<\/div>\n\t\t\t\t<\/div>\n\t\t\t\t<\/div>\n\t\t\t\t\t<\/div>\n\t\t\t\t<\/div>\n\t\t\t\t<\/div>\n\t\t","protected":false},"excerpt":{"rendered":"<p>Resultados El Proyecto NaturalOrigins producir\u00e1 resultados significativos en su misi\u00f3n de fomentar la inclusi\u00f3n social entre los j\u00f3venes de origen migrante. Mediante el cultivo de una mentalidad empresarial y el desarrollo de habilidades esenciales, el proyecto capacitar\u00e1 a las\/os participantes &hellip; <\/p>\n","protected":false},"author":1,"featured_media":0,"parent":0,"menu_order":0,"comment_status":"closed","ping_status":"closed","template":"elementor_header_footer","meta":{"footnotes":""},"class_list":["post-15332","page","type-page","status-publish","hentry"],"_links":{"self":[{"href":"https:\/\/natural-origins.eu\/es\/wp-json\/wp\/v2\/pages\/15332","targetHints":{"allow":["GET"]}}],"collection":[{"href":"https:\/\/natural-origins.eu\/es\/wp-json\/wp\/v2\/pages"}],"about":[{"href":"https:\/\/natural-origins.eu\/es\/wp-json\/wp\/v2\/types\/page"}],"author":[{"embeddable":true,"href":"https:\/\/natural-origins.eu\/es\/wp-json\/wp\/v2\/users\/1"}],"replies":[{"embeddable":true,"href":"https:\/\/natural-origins.eu\/es\/wp-json\/wp\/v2\/comments?post=15332"}],"version-history":[{"count":5,"href":"https:\/\/natural-origins.eu\/es\/wp-json\/wp\/v2\/pages\/15332\/revisions"}],"predecessor-version":[{"id":15603,"href":"https:\/\/natural-origins.eu\/es\/wp-json\/wp\/v2\/pages\/15332\/revisions\/15603"}],"wp:attachment":[{"href":"https:\/\/natural-origins.eu\/es\/wp-json\/wp\/v2\/media?parent=15332"}],"curies":[{"name":"wp","href":"https:\/\/api.w.org\/{rel}","templated":true}]}}