{"id":15484,"date":"2024-01-09T13:07:27","date_gmt":"2024-01-09T13:07:27","guid":{"rendered":"https:\/\/natural-origins.eu\/?page_id=15484"},"modified":"2024-01-09T13:25:23","modified_gmt":"2024-01-09T13:25:23","slug":"privacy-policy","status":"publish","type":"page","link":"https:\/\/natural-origins.eu\/es\/privacy-policy\/","title":{"rendered":"Pol\u00edtica privacidad"},"content":{"rendered":"\t\t<div data-elementor-type=\"wp-post\" data-elementor-id=\"15484\" class=\"elementor elementor-15484 elementor-15483\">\n\t\t\t\t<div class=\"elementor-element elementor-element-a84aae8 e-flex e-con-boxed e-con e-parent\" data-id=\"a84aae8\" data-element_type=\"container\" data-e-type=\"container\" data-settings=\"{&quot;background_background&quot;:&quot;classic&quot;}\">\n\t\t\t\t\t<div class=\"e-con-inner\">\n\t\t\t\t<div class=\"elementor-element elementor-element-6ec2cb8 elementor-widget elementor-widget-heading\" data-id=\"6ec2cb8\" data-element_type=\"widget\" data-e-type=\"widget\" data-widget_type=\"heading.default\">\n\t\t\t\t<div class=\"elementor-widget-container\">\n\t\t\t\t\t<h1 class=\"elementor-heading-title elementor-size-default\">Pol\u00edtica privacidad<\/h1>\t\t\t\t<\/div>\n\t\t\t\t<\/div>\n\t\t\t\t\t<\/div>\n\t\t\t\t<\/div>\n\t\t<div class=\"elementor-element elementor-element-8f9a149 e-flex e-con-boxed e-con e-parent\" data-id=\"8f9a149\" data-element_type=\"container\" data-e-type=\"container\">\n\t\t\t\t\t<div class=\"e-con-inner\">\n\t\t\t\t<div class=\"elementor-element elementor-element-1a1bac2 elementor-widget elementor-widget-text-editor\" data-id=\"1a1bac2\" data-element_type=\"widget\" data-e-type=\"widget\" data-widget_type=\"text-editor.default\">\n\t\t\t\t<div class=\"elementor-widget-container\">\n\t\t\t\t\t\t\t\t\t<ol><li><strong> Introducci\u00f3n<\/strong><\/li><\/ol><p>\u00a1Bienvenido\/a a <strong>Natural Origins<\/strong>! Esta pol\u00edtica de privacidad explica c\u00f3mo recopilamos, utilizamos y salvaguardamos sus datos personales. Al utilizar nuestro sitio web, usted acepta los t\u00e9rminos descritos en esta pol\u00edtica.<\/p><ol><li><strong>Definiciones<\/strong><\/li><\/ol><p>\u00abWebsite\u00bb se refiere a la web de Natural Origins.<\/p><p>\u00abUsuario\u00bb, \u00absu\u00bb y \u00absus\u00bb se refiere al acceso individual a la web.<\/p><p>\u00abNosotros\u00bb y \u00abnuestro\u201d se refiere al Consorcio que desarrolla el proyecto Natural Origins.<\/p><ol><li><strong>Uso de la web<\/strong><\/li><\/ol><p>Este sitio web se crea \u00fanicamente con el prop\u00f3sito de interactuar con las funcionalidades del sitio web y brindar a los\/as usuarios\/as la oportunidad de suscribirse a nuestro bolet\u00edn.<\/p><ul><li><strong>Propiedad intelectual<\/strong><\/li><\/ul><p>Todo el contenido, incluidos, entre otros, textos, gr\u00e1ficos, logotipos e im\u00e1genes, de este sitio web es propiedad del Consorcio o de sus proveedores de contenido y est\u00e1 protegido por las leyes de derechos de autor. El uso no autorizado puede resultar una violaci\u00f3n de los derechos de autor, marcas registradas u otros derechos de propiedad intelectual.<\/p><ol><li><strong>Suscripci\u00f3n a la newsletter<\/strong><\/li><\/ol><p>Al suscribirse a nuestro bolet\u00edn, acepta recibir correos electr\u00f3nicos peri\u00f3dicos de nuestra parte. Puede darse de baja de nuestro bolet\u00edn informativo en cualquier momento siguiendo el enlace para darse de baja que se proporciona en nuestros correos electr\u00f3nicos.<\/p><ol start=\"2\"><li><strong> Informaci\u00f3n que recogemos<\/strong><\/li><\/ol><p>Recogemos la siguiente informaci\u00f3n personal:<\/p><ul><li>Informaci\u00f3n t\u00e9cnica, como la direcci\u00f3n IP<\/li><li>Fecha y hora de visita<\/li><li>Tipo de navegador y sistema operativo<\/li><li>Modelo del dispositivo<\/li><li>Otra informaci\u00f3n recogida a trav\u00e9s de cookies o tecnolog\u00edas similares, las cuales sean relevantes para el an\u00e1lisis de su visita a la web.<\/li><\/ul><p>Para obtener m\u00e1s informaci\u00f3n sobre los datos que se recogen a trav\u00e9s de cookies y tecnolog\u00edas similares, visite la secci\u00f3n correspondiente, <strong>Pol\u00edtica de Cookies<\/strong>.<\/p><p>Si se suscribe a nuestro bolet\u00edn informativo, conservaremos su nombre, apellido y \u00a0direcci\u00f3n de correo electr\u00f3nico, sobre la base de su consentimiento. En cualquier caso, usted conserva el derecho de retirar su consentimiento en cualquier momento eligiendo la opci\u00f3n \u201cdarse de baja\u201d en el correo electr\u00f3nico que reciba de nuestra parte.<\/p><ol start=\"3\"><li><strong> C\u00f3mo recogemos la informaci\u00f3n<\/strong><\/li><\/ol><p>S\u00f3lo recopilamos informaci\u00f3n suya con su consentimiento expl\u00edcito.<\/p><ol start=\"4\"><li><strong> Finalidad del tratamiento<\/strong><\/li><\/ol><p>S\u00f3lo procesamos sus datos personales con fines de investigaci\u00f3n, mejoras del sitio web y para proporcionarle nuestro bolet\u00edn informativo, en caso de que opte por suscribirse.<\/p><ol start=\"5\"><li><strong> Base legal del tratamiento<\/strong><\/li><\/ol><p>En el contexto del uso del Sitio Web, la empresa procesa sus datos de acuerdo con las siguientes finalidades y bases legales:<\/p><p><strong>\u0391<\/strong><strong>. Inter\u00e9s leg\u00edtimo<\/strong><\/p><p>Para cumplir con nuestros intereses leg\u00edtimos, procesamos sus datos personales para garantizar su mejor experiencia en nuestro sitio web, brindarle el funcionamiento ininterrumpido, apropiado y seguro de nuestro sitio web, mantener copias de seguridad y salvaguardar los problemas de continuidad del sitio web.<\/p><p>Tambi\u00e9n es de nuestro inter\u00e9s leg\u00edtimo gestionar de manera efectiva cualquier comunicaci\u00f3n que recibamos de usted en general, de modo que respondamos oportunamente a sus consultas sobre Natural Origins.<\/p><p><strong>\u0392<\/strong><strong>. Consentimiento<\/strong><\/p><p><strong>Si desea recibir nuestros boletines, puede suscribirse a trav\u00e9s de la secci\u00f3n designada en nuestro sitio web. Al recibir su consentimiento, utilizaremos el nombre, apellido y direcci\u00f3n de correo electr\u00f3nico que proporcione para enviar materiales informativos y promocionales. Puede optar por no participar en cualquier momento seleccionando &#8216;cancelar suscripci\u00f3n&#8217; en cualquiera de nuestras comunicaciones.<\/strong><\/p><p>Adem\u00e1s, siempre que d\u00e9 su consentimiento expl\u00edcito para el uso de tecnolog\u00edas como las cookies y el \u00e1rea de almacenamiento local de su dispositivo, sus datos se almacenar\u00e1n autom\u00e1ticamente, seg\u00fan la pol\u00edtica de cookies del sitio web. Podr\u00e1 cambiar su opci\u00f3n respecto a las cookies en cualquier momento y retirar tu consentimiento, a trav\u00e9s de la pol\u00edtica de cookies.<\/p><ol start=\"6\"><li><strong> Retenci\u00f3n de datos<\/strong><\/li><\/ol><p><strong>Conservamos sus datos durante los tres a\u00f1os siguientes a la finalizaci\u00f3n del proyecto o durante el tiempo necesario para el fin para el que fueron recopilados, lo que sea m\u00e1s breve.<\/strong><\/p><ol start=\"7\"><li><strong> Intercambio de informaci\u00f3n<\/strong><\/li><\/ol><p>Para el cumplimiento de las finalidades antes mencionadas, sus datos podr\u00e1n ser cedidos a terceros, tales como:<\/p><ul><li>Organismos y autoridades de la Uni\u00f3n Europea.<\/li><li>Cualquier otra autoridad administrativa, judicial o p\u00fablica o, en general, una persona f\u00edsica o jur\u00eddica frente a la cual, en virtud de ley o decisi\u00f3n judicial, el Consorcio tenga la obligaci\u00f3n o el derecho relevante de revelar dichos datos, o, en general, para defender nuestros intereses leg\u00edtimos.<\/li><li>En casos de transferencias internacionales de datos, se implementar\u00e1n las salvaguardias adecuadas seg\u00fan las normas GDPR.<\/li><\/ul><p>Hemos implementado todas las medidas necesarias para que el personal y los socios del Consorcio est\u00e9n espec\u00edficamente autorizados para estos fines y plenamente comprometidos con la confidencialidad y las obligaciones legales previstas en la legislaci\u00f3n para la recopilaci\u00f3n y posterior procesamiento de los datos personales antes mencionados.<\/p><ol start=\"8\"><li><strong> Derechos de los\/as usuarios\/as<\/strong><\/li><\/ol><p>Le informamos que, seg\u00fan la legislaci\u00f3n aplicable, podr\u00e1 ejercer los siguientes derechos:<\/p><ul><li>Acceder a sus datos personales, incluidos detalles sobre su procesamiento.<\/li><li>Rectificar cualquier dato personal inexacto o incompleto.<\/li><li>Borrar sus datos (\u00abderecho al olvido\u00bb).<\/li><li>Restringir el procesamiento de sus datos seg\u00fan las disposiciones legales.<\/li><li>Transmitir sus datos en un formato estructurado, de uso com\u00fan y legible por m\u00e1quina (por ejemplo, USB) a usted mismo\/a o a otro controlador de datos.<\/li><li>Oponerse al procesamiento basado en nuestros intereses leg\u00edtimos.<\/li><li>Retirar su consentimiento en cualquier momento, como se describi\u00f3 anteriormente.<\/li><\/ul><p>Puede ejercer cualquiera de los derechos mencionados anteriormente enviando una solicitud por escrito a naturaloriginsproject@gmail.com. Le responderemos dentro de un mes desde su recepci\u00f3n.<\/p><p>Adem\u00e1s, estamos obligados a informarle de inmediato sobre cualquier violaci\u00f3n de datos personales que pueda afectar a sus derechos y libertades, a menos que est\u00e9 exento por ley.<\/p><ol start=\"9\"><li><strong>9<\/strong>. <strong>Medidas<\/strong><\/li><\/ol><p>Implementamos todas las medidas t\u00e9cnicas y organizativas necesarias para garantizar el procesamiento leg\u00edtimo de los datos personales.<\/p><ol start=\"10\"><li><strong> Cambios en esta pol\u00edtica de privacidad<\/strong><\/li><\/ol><p>Nos reservamos los derechos a cambiar esta pol\u00edtica. La actual versi\u00f3n entra en vigor a partir del 12 de noviembre de 2023.<\/p><ol start=\"11\"><li><strong> Informaci\u00f3n de contacto<\/strong><\/li><\/ol><p><strong>Para consultas o sugerencias, por favor cont\u00e1ctenos en naturaloriginsproject@gmail.com.<\/strong><\/p><p>\u00a0<\/p><h1>Pol\u00edtica de cookies<\/h1><ol><li><strong> \u00bfQu\u00e9 son las cookies?<\/strong><\/li><\/ol><p>Las cookies son peque\u00f1os archivos de texto que su navegador almacena en su dispositivo. Nos ayudan a mejorar su experiencia en nuestro sitio web.<\/p><ol start=\"2\"><li><strong> Tipos de cookies usadas<\/strong><\/li><\/ol><p>Usamos los siguientes tipos de cookies:<\/p><ul><li>Cookies esenciales: necesarias para la funcionalidad b\u00e1sica del sitio web, lo que permite la navegaci\u00f3n y el uso del sitio.<\/li><li>Cookies funcionales: mejoran la usabilidad y el rendimiento del sitio web al recordar las preferencias del usuario.<\/li><li>Cookies anal\u00edticas o de rendimiento: estas cookies recopilan e informan de forma an\u00f3nima informaci\u00f3n sobre su interacci\u00f3n con nuestro sitio web, lo que ayuda a mejorar el rendimiento.<\/li><li>Cookies de sesi\u00f3n: cookies temporales que se eliminan al cerrar el navegador y se utilizan para la gesti\u00f3n de sesiones y el seguimiento de la actividad.<\/li><li>Cookies de seguridad: mejoran la seguridad del sitio web, previniendo actividades fraudulentas y salvaguardando los datos del usuario.<\/li><\/ul><p>Al utilizar nuestro sitio web, usted acepta el uso de estas cookies. Puede gestionar o desactivar las cookies en la configuraci\u00f3n de su navegador.<\/p><ol start=\"3\"><li><strong> Buena fe en el uso<\/strong><\/li><\/ol><p>El usuario debe utilizar legalmente el sitio web y su contenido, respetando las leyes internacionales, nacionales y de la UE, y actuando de buena fe. Los usuarios son responsables de cualquier infracci\u00f3n legal, teniendo el Consorcio derecho a una indemnizaci\u00f3n por los da\u00f1os y perjuicios que se deriven de las acciones de los usuarios.<\/p><ol start=\"4\"><li><strong> Sitio web y contenido de terceros<\/strong><\/li><\/ol><p>El sitio web puede vincularse a sitios de terceros. Estos sitios tienen sus propios t\u00e9rminos de uso. Nuestros enlaces no implican respaldo ni responsabilidad por su contenido, pr\u00e1cticas de privacidad o precisi\u00f3n. Los usuarios asumen toda la responsabilidad por el acceso a estos sitios de terceros.<\/p><ol start=\"5\"><li><strong> Informaci\u00f3n de contacto<\/strong><\/li><\/ol><p>Para dudas o sugerencias sobre nuestra pol\u00edtica de cookies, cont\u00e1ctanos en naturaloriginsproject@gmail.com<\/p>\t\t\t\t\t\t\t\t<\/div>\n\t\t\t\t<\/div>\n\t\t\t\t\t<\/div>\n\t\t\t\t<\/div>\n\t\t\t\t<\/div>\n\t\t","protected":false},"excerpt":{"rendered":"<p>Pol\u00edtica privacidad Introducci\u00f3n \u00a1Bienvenido\/a a Natural Origins! Esta pol\u00edtica de privacidad explica c\u00f3mo recopilamos, utilizamos y salvaguardamos sus datos personales. Al utilizar nuestro sitio web, usted acepta los t\u00e9rminos descritos en esta pol\u00edtica. Definiciones \u00abWebsite\u00bb se refiere a la web &hellip; <\/p>\n","protected":false},"author":1,"featured_media":0,"parent":0,"menu_order":0,"comment_status":"closed","ping_status":"closed","template":"elementor_header_footer","meta":{"footnotes":""},"class_list":["post-15484","page","type-page","status-publish","hentry"],"_links":{"self":[{"href":"https:\/\/natural-origins.eu\/es\/wp-json\/wp\/v2\/pages\/15484","targetHints":{"allow":["GET"]}}],"collection":[{"href":"https:\/\/natural-origins.eu\/es\/wp-json\/wp\/v2\/pages"}],"about":[{"href":"https:\/\/natural-origins.eu\/es\/wp-json\/wp\/v2\/types\/page"}],"author":[{"embeddable":true,"href":"https:\/\/natural-origins.eu\/es\/wp-json\/wp\/v2\/users\/1"}],"replies":[{"embeddable":true,"href":"https:\/\/natural-origins.eu\/es\/wp-json\/wp\/v2\/comments?post=15484"}],"version-history":[{"count":5,"href":"https:\/\/natural-origins.eu\/es\/wp-json\/wp\/v2\/pages\/15484\/revisions"}],"predecessor-version":[{"id":15507,"href":"https:\/\/natural-origins.eu\/es\/wp-json\/wp\/v2\/pages\/15484\/revisions\/15507"}],"wp:attachment":[{"href":"https:\/\/natural-origins.eu\/es\/wp-json\/wp\/v2\/media?parent=15484"}],"curies":[{"name":"wp","href":"https:\/\/api.w.org\/{rel}","templated":true}]}}