{"id":15546,"date":"2024-02-21T08:19:36","date_gmt":"2024-02-21T08:19:36","guid":{"rendered":"https:\/\/natural-origins.eu\/?page_id=15546"},"modified":"2024-02-22T13:01:11","modified_gmt":"2024-02-22T13:01:11","slug":"learning-space","status":"publish","type":"page","link":"https:\/\/natural-origins.eu\/es\/learning-space\/","title":{"rendered":"Espacio de aprendizaje"},"content":{"rendered":"\t\t<div data-elementor-type=\"wp-post\" data-elementor-id=\"15546\" class=\"elementor elementor-15546 elementor-15545\">\n\t\t\t\t<div class=\"elementor-element elementor-element-a84aae8 e-flex e-con-boxed e-con e-parent\" data-id=\"a84aae8\" data-element_type=\"container\" data-e-type=\"container\" data-settings=\"{&quot;background_background&quot;:&quot;classic&quot;}\">\n\t\t\t\t\t<div class=\"e-con-inner\">\n\t\t\t\t<div class=\"elementor-element elementor-element-6ec2cb8 elementor-widget elementor-widget-heading\" data-id=\"6ec2cb8\" data-element_type=\"widget\" data-e-type=\"widget\" data-widget_type=\"heading.default\">\n\t\t\t\t<div class=\"elementor-widget-container\">\n\t\t\t\t\t<h1 class=\"elementor-heading-title elementor-size-default\">Espacio de aprendizaje<\/h1>\t\t\t\t<\/div>\n\t\t\t\t<\/div>\n\t\t\t\t\t<\/div>\n\t\t\t\t<\/div>\n\t\t<div class=\"elementor-element elementor-element-8f9a149 e-flex e-con-boxed e-con e-parent\" data-id=\"8f9a149\" data-element_type=\"container\" data-e-type=\"container\">\n\t\t\t\t\t<div class=\"e-con-inner\">\n\t\t\t\t<div class=\"elementor-element elementor-element-013d95c elementor-widget-divider--view-line elementor-widget elementor-widget-divider\" data-id=\"013d95c\" data-element_type=\"widget\" data-e-type=\"widget\" data-widget_type=\"divider.default\">\n\t\t\t\t<div class=\"elementor-widget-container\">\n\t\t\t\t\t\t\t<div class=\"elementor-divider\">\n\t\t\t<span class=\"elementor-divider-separator\">\n\t\t\t\t\t\t<\/span>\n\t\t<\/div>\n\t\t\t\t\t\t<\/div>\n\t\t\t\t<\/div>\n\t\t\t\t<div class=\"elementor-element elementor-element-1a1bac2 elementor-widget elementor-widget-text-editor\" data-id=\"1a1bac2\" data-element_type=\"widget\" data-e-type=\"widget\" data-widget_type=\"text-editor.default\">\n\t\t\t\t<div class=\"elementor-widget-container\">\n\t\t\t\t\t\t\t\t\t<div class=\"elementor-element elementor-element-40667d7 elementor-widget elementor-widget-heading\" data-id=\"40667d7\" data-element_type=\"widget\" data-widget_type=\"heading.default\"><div class=\"elementor-widget-container\"><p>A trav\u00e9s de nuestros materiales de formaci\u00f3n cuidadosamente elaborados, incluido el \u00abPaquete de capacitaci\u00f3n NaturalOrigins\u00bb y el \u00abManual de formador de formadores de NaturalOrigins\u00bb, nuestro objetivo es equipar a las\/os participantes con el conocimiento y las herramientas necesarias para tener \u00e9xito en el comercio de productos naturales. Nuestro programa ofrece un enfoque estructurado, que incorpora 30 horas de capacitaci\u00f3n divididas en distintos m\u00f3dulos que cubren habilidades fundamentales, conocimiento de productos naturales y oportunidades comerciales.<\/p><p>El \u00abEspacio de aprendizaje online de NaturalOrigins\u00bb sirve como una plataforma colaborativa donde los participantes pueden acceder a materiales de capacitaci\u00f3n, participar en debates y compartir experiencias con otros usuarios. Proporciona un entorno din\u00e1mico para el aprendizaje y la creaci\u00f3n de redes, fomentando una comunidad solidaria de personas apasionadas por el esp\u00edritu empresarial y la diversidad cultural.<\/p><p>Si usted es un\/a joven emprendedor\/a que busca mejorar sus habilidades o un\/a capacitador\/a que busca apoyar a grupos con menos oportunidades, NaturalOrigins est\u00e1 aqu\u00ed para servir de gu\u00eda en su viaje hacia el \u00e9xito.<\/p><\/div><\/div>\t\t\t\t\t\t\t\t<\/div>\n\t\t\t\t<\/div>\n\t\t\t\t<div class=\"elementor-element elementor-element-a4e4904 elementor-align-center elementor-widget elementor-widget-button\" data-id=\"a4e4904\" data-element_type=\"widget\" data-e-type=\"widget\" data-widget_type=\"button.default\">\n\t\t\t\t<div class=\"elementor-widget-container\">\n\t\t\t\t\t\t\t\t\t<div class=\"elementor-button-wrapper\">\n\t\t\t\t\t<a class=\"elementor-button elementor-button-link elementor-size-lg\" href=\"#\">\n\t\t\t\t\t\t<span class=\"elementor-button-content-wrapper\">\n\t\t\t\t\t\t\t\t\t<span class=\"elementor-button-text\">Visita nuestro Espacio de Aprendizaje \u2192<\/span>\n\t\t\t\t\t<\/span>\n\t\t\t\t\t<\/a>\n\t\t\t\t<\/div>\n\t\t\t\t\t\t\t\t<\/div>\n\t\t\t\t<\/div>\n\t\t\t\t\t<\/div>\n\t\t\t\t<\/div>\n\t\t\t\t<\/div>\n\t\t","protected":false},"excerpt":{"rendered":"<p>Espacio de aprendizaje A trav\u00e9s de nuestros materiales de formaci\u00f3n cuidadosamente elaborados, incluido el \u00abPaquete de capacitaci\u00f3n NaturalOrigins\u00bb y el \u00abManual de formador de formadores de NaturalOrigins\u00bb, nuestro objetivo es equipar a las\/os participantes con el conocimiento y las herramientas &hellip; <\/p>\n","protected":false},"author":1,"featured_media":0,"parent":0,"menu_order":0,"comment_status":"closed","ping_status":"closed","template":"elementor_header_footer","meta":{"footnotes":""},"class_list":["post-15546","page","type-page","status-publish","hentry"],"_links":{"self":[{"href":"https:\/\/natural-origins.eu\/es\/wp-json\/wp\/v2\/pages\/15546","targetHints":{"allow":["GET"]}}],"collection":[{"href":"https:\/\/natural-origins.eu\/es\/wp-json\/wp\/v2\/pages"}],"about":[{"href":"https:\/\/natural-origins.eu\/es\/wp-json\/wp\/v2\/types\/page"}],"author":[{"embeddable":true,"href":"https:\/\/natural-origins.eu\/es\/wp-json\/wp\/v2\/users\/1"}],"replies":[{"embeddable":true,"href":"https:\/\/natural-origins.eu\/es\/wp-json\/wp\/v2\/comments?post=15546"}],"version-history":[{"count":9,"href":"https:\/\/natural-origins.eu\/es\/wp-json\/wp\/v2\/pages\/15546\/revisions"}],"predecessor-version":[{"id":15606,"href":"https:\/\/natural-origins.eu\/es\/wp-json\/wp\/v2\/pages\/15546\/revisions\/15606"}],"wp:attachment":[{"href":"https:\/\/natural-origins.eu\/es\/wp-json\/wp\/v2\/media?parent=15546"}],"curies":[{"name":"wp","href":"https:\/\/api.w.org\/{rel}","templated":true}]}}