{"id":15345,"date":"2015-11-18T08:34:00","date_gmt":"2015-11-18T08:34:00","guid":{"rendered":"https:\/\/natural-origins.eu\/genel-bakis\/"},"modified":"2023-11-29T13:16:14","modified_gmt":"2023-11-29T13:16:14","slug":"genel-bakis","status":"publish","type":"page","link":"https:\/\/natural-origins.eu\/tr\/genel-bakis\/","title":{"rendered":"Genel Bak\u0131\u015f"},"content":{"rendered":"\t\t<div data-elementor-type=\"wp-post\" data-elementor-id=\"15345\" class=\"elementor elementor-15345 elementor-2901\">\n\t\t\t\t<div class=\"elementor-element elementor-element-a84aae8 e-flex e-con-boxed e-con e-parent\" data-id=\"a84aae8\" data-element_type=\"container\" data-e-type=\"container\" data-settings=\"{&quot;background_background&quot;:&quot;classic&quot;}\">\n\t\t\t\t\t<div class=\"e-con-inner\">\n\t\t\t\t<div class=\"elementor-element elementor-element-6ec2cb8 elementor-widget elementor-widget-heading\" data-id=\"6ec2cb8\" data-element_type=\"widget\" data-e-type=\"widget\" data-widget_type=\"heading.default\">\n\t\t\t\t<div class=\"elementor-widget-container\">\n\t\t\t\t\t<h1 class=\"elementor-heading-title elementor-size-default\">Hakk\u0131nda<\/h1>\t\t\t\t<\/div>\n\t\t\t\t<\/div>\n\t\t\t\t<div class=\"elementor-element elementor-element-5ac928e elementor-widget elementor-widget-heading\" data-id=\"5ac928e\" data-element_type=\"widget\" data-e-type=\"widget\" data-widget_type=\"heading.default\">\n\t\t\t\t<div class=\"elementor-widget-container\">\n\t\t\t\t\t<h2 class=\"elementor-heading-title elementor-size-default\">Genel Bak\u0131\u015f<\/h2>\t\t\t\t<\/div>\n\t\t\t\t<\/div>\n\t\t\t\t\t<\/div>\n\t\t\t\t<\/div>\n\t\t<div class=\"elementor-element elementor-element-d093bcb e-flex e-con-boxed e-con e-parent\" data-id=\"d093bcb\" data-element_type=\"container\" data-e-type=\"container\">\n\t\t\t\t\t<div class=\"e-con-inner\">\n\t\t<div class=\"elementor-element elementor-element-f42f6bf e-con-full e-flex e-con e-child\" data-id=\"f42f6bf\" data-element_type=\"container\" data-e-type=\"container\">\n\t\t\t\t<div class=\"elementor-element elementor-element-2966b09 elementor-widget elementor-widget-image\" data-id=\"2966b09\" data-element_type=\"widget\" data-e-type=\"widget\" data-widget_type=\"image.default\">\n\t\t\t\t<div class=\"elementor-widget-container\">\n\t\t\t\t\t\t\t\t\t\t\t\t\t\t\t<img fetchpriority=\"high\" decoding=\"async\" width=\"640\" height=\"473\" src=\"https:\/\/natural-origins.eu\/wp-content\/uploads\/2023\/10\/pic-goal-home@2x-1024x757.png\" class=\"attachment-large size-large wp-image-15150\" alt=\"\" srcset=\"https:\/\/natural-origins.eu\/wp-content\/uploads\/2023\/10\/pic-goal-home@2x-1024x757.png 1024w, https:\/\/natural-origins.eu\/wp-content\/uploads\/2023\/10\/pic-goal-home@2x-300x222.png 300w, https:\/\/natural-origins.eu\/wp-content\/uploads\/2023\/10\/pic-goal-home@2x-768x568.png 768w, https:\/\/natural-origins.eu\/wp-content\/uploads\/2023\/10\/pic-goal-home@2x-600x443.png 600w, https:\/\/natural-origins.eu\/wp-content\/uploads\/2023\/10\/pic-goal-home@2x.png 1502w\" sizes=\"(max-width: 640px) 100vw, 640px\" \/>\t\t\t\t\t\t\t\t\t\t\t\t\t\t\t<\/div>\n\t\t\t\t<\/div>\n\t\t\t\t<\/div>\n\t\t<div class=\"elementor-element elementor-element-100bce6 e-con-full e-flex e-con e-child\" data-id=\"100bce6\" data-element_type=\"container\" data-e-type=\"container\">\n\t\t\t\t<div class=\"elementor-element elementor-element-508f342 elementor-widget-divider--view-line elementor-widget elementor-widget-divider\" data-id=\"508f342\" data-element_type=\"widget\" data-e-type=\"widget\" data-widget_type=\"divider.default\">\n\t\t\t\t<div class=\"elementor-widget-container\">\n\t\t\t\t\t\t\t<div class=\"elementor-divider\">\n\t\t\t<span class=\"elementor-divider-separator\">\n\t\t\t\t\t\t<\/span>\n\t\t<\/div>\n\t\t\t\t\t\t<\/div>\n\t\t\t\t<\/div>\n\t\t\t\t<div class=\"elementor-element elementor-element-56daacd elementor-widget elementor-widget-heading\" data-id=\"56daacd\" data-element_type=\"widget\" data-e-type=\"widget\" data-widget_type=\"heading.default\">\n\t\t\t\t<div class=\"elementor-widget-container\">\n\t\t\t\t\t<h2 class=\"elementor-heading-title elementor-size-default\">Ana Hedef<\/h2>\t\t\t\t<\/div>\n\t\t\t\t<\/div>\n\t\t\t\t<div class=\"elementor-element elementor-element-772a1ee elementor-widget elementor-widget-text-editor\" data-id=\"772a1ee\" data-element_type=\"widget\" data-e-type=\"widget\" data-widget_type=\"text-editor.default\">\n\t\t\t\t<div class=\"elementor-widget-container\">\n\t\t\t\t\t\t\t\t\t<p>\u00d6zellikle do\u011fal \u00fcr\u00fcn ticareti alan\u0131nda k\u00fc\u00e7\u00fck \u00f6l\u00e7ekli i\u015f fikirlerini hayata ge\u00e7irmelerini destekleyecek giri\u015fimci zihniyetin geli\u015ftirilmesi yoluyla g\u00f6\u00e7men ge\u00e7mi\u015fi olan gen\u00e7lerin sosyal kat\u0131l\u0131m\u0131n\u0131 te\u015fvik etmek. <\/p>\n\t\t\t\t\t\t\t\t<\/div>\n\t\t\t\t<\/div>\n\t\t\t\t<\/div>\n\t\t\t\t\t<\/div>\n\t\t\t\t<\/div>\n\t\t<div class=\"elementor-element elementor-element-8f9a149 e-flex e-con-boxed e-con e-parent\" data-id=\"8f9a149\" data-element_type=\"container\" data-e-type=\"container\">\n\t\t\t\t\t<div class=\"e-con-inner\">\n\t\t\t\t<div class=\"elementor-element elementor-element-013d95c elementor-widget-divider--view-line elementor-widget elementor-widget-divider\" data-id=\"013d95c\" data-element_type=\"widget\" data-e-type=\"widget\" data-widget_type=\"divider.default\">\n\t\t\t\t<div class=\"elementor-widget-container\">\n\t\t\t\t\t\t\t<div class=\"elementor-divider\">\n\t\t\t<span class=\"elementor-divider-separator\">\n\t\t\t\t\t\t<\/span>\n\t\t<\/div>\n\t\t\t\t\t\t<\/div>\n\t\t\t\t<\/div>\n\t\t\t\t<div class=\"elementor-element elementor-element-0da5447 elementor-widget elementor-widget-heading\" data-id=\"0da5447\" data-element_type=\"widget\" data-e-type=\"widget\" data-widget_type=\"heading.default\">\n\t\t\t\t<div class=\"elementor-widget-container\">\n\t\t\t\t\t<h2 class=\"elementor-heading-title elementor-size-default\">Hedefler<\/h2>\t\t\t\t<\/div>\n\t\t\t\t<\/div>\n\t\t\t\t<div class=\"elementor-element elementor-element-1a1bac2 elementor-widget elementor-widget-text-editor\" data-id=\"1a1bac2\" data-element_type=\"widget\" data-e-type=\"widget\" data-widget_type=\"text-editor.default\">\n\t\t\t\t<div class=\"elementor-widget-container\">\n\t\t\t\t\t\t\t\t\t<p>&#8211; Men\u015fei ve ev sahibi \u00fclkelerden gelen do\u011fal \u00fcr\u00fcnler hakk\u0131nda bilgi ve uzmanl\u0131k payla\u015f\u0131m\u0131 ve de\u011fi\u015fimi yoluyla k\u00fclt\u00fcrel etkile\u015fim ve diyalo\u011fu geli\u015ftirmek, kapsay\u0131c\u0131, kabul edici topluluklar\u0131n geli\u015fimine katk\u0131da bulunmak, <br \/>&#8211; G\u00f6\u00e7men ge\u00e7mi\u015fi olan gen\u00e7lere ve potansiyel olarak di\u011fer sosyal a\u00e7\u0131dan d\u0131\u015flanm\u0131\u015f\/dezavantajl\u0131 gruplara esnek ancak kapsaml\u0131 beceri geli\u015ftirme f\u0131rsatlar\u0131 sa\u011flamak, <br \/>&#8211; Sosyal i\u00e7erme alan\u0131nda \u00e7al\u0131\u015fan yeti\u015fkin e\u011fitmenlerin s\u00fcrekli mesleki ve ki\u015fisel geli\u015fimlerinin desteklenmesi<br \/>&#8211; <b>Yatay<\/b>: E\u011fitim, \u00f6\u011fretim, gen\u00e7lik ve sporun t\u00fcm alanlar\u0131nda kapsay\u0131c\u0131l\u0131k ve \u00e7e\u015fitlilik<br \/>&#8211; <strong>Gen\u00e7lik<\/strong>: Aktif vatanda\u015fl\u0131\u011f\u0131, gen\u00e7lerin inisiyatif duygusunu ve sosyal giri\u015fimcilik dahil gen\u00e7lik giri\u015fimcili\u011fini te\u015fvik etmek<\/p>\n\t\t\t\t\t\t\t\t<\/div>\n\t\t\t\t<\/div>\n\t\t\t\t\t<\/div>\n\t\t\t\t<\/div>\n\t\t<div class=\"elementor-element elementor-element-b803a0b e-flex e-con-boxed e-con e-parent\" data-id=\"b803a0b\" data-element_type=\"container\" data-e-type=\"container\">\n\t\t\t\t\t<div class=\"e-con-inner\">\n\t\t\t\t<div class=\"elementor-element elementor-element-b7b3bb2 elementor-widget-divider--view-line elementor-widget elementor-widget-divider\" data-id=\"b7b3bb2\" data-element_type=\"widget\" data-e-type=\"widget\" data-widget_type=\"divider.default\">\n\t\t\t\t<div class=\"elementor-widget-container\">\n\t\t\t\t\t\t\t<div class=\"elementor-divider\">\n\t\t\t<span class=\"elementor-divider-separator\">\n\t\t\t\t\t\t<\/span>\n\t\t<\/div>\n\t\t\t\t\t\t<\/div>\n\t\t\t\t<\/div>\n\t\t\t\t<div class=\"elementor-element elementor-element-20d2b05 elementor-widget elementor-widget-heading\" data-id=\"20d2b05\" data-element_type=\"widget\" data-e-type=\"widget\" data-widget_type=\"heading.default\">\n\t\t\t\t<div class=\"elementor-widget-container\">\n\t\t\t\t\t<h2 class=\"elementor-heading-title elementor-size-default\">Hedef Gruplar<\/h2>\t\t\t\t<\/div>\n\t\t\t\t<\/div>\n\t\t\t\t<div class=\"elementor-element elementor-element-7acbd3d elementor-widget elementor-widget-text-editor\" data-id=\"7acbd3d\" data-element_type=\"widget\" data-e-type=\"widget\" data-widget_type=\"text-editor.default\">\n\t\t\t\t<div class=\"elementor-widget-container\">\n\t\t\t\t\t\t\t\t\t<p>&#8211; G\u00f6\u00e7men k\u00f6kenli gen\u00e7ler <br \/>&#8211; Durum ve ihtiya\u00e7 analizi \u00e7al\u0131\u015fmas\u0131na kat\u0131lan e\u011fitmenler <br \/>&#8211; \u201cNaturalOrigins E\u011fitmenlerin E\u011fitimi \u00c7al\u0131\u015ftaylar\u0131\u201dna ve \u201cNaturalOrigins E\u011fitimi\u201dne kat\u0131lan e\u011fitmenler<br \/>&#8211; Kat\u0131l\u0131mc\u0131 Kurulu\u015flar <br \/>&#8211; \u00c7e\u015fitli Payda\u015flar (STK&#8217;lar, g\u00f6\u00e7men\/m\u00fclteci dernekleri, yerel i\u015fletmeler vb.)<br \/>&#8211; Politika Yap\u0131c\u0131lar ve Yetkililer<\/p>\n\t\t\t\t\t\t\t\t<\/div>\n\t\t\t\t<\/div>\n\t\t\t\t\t<\/div>\n\t\t\t\t<\/div>\n\t\t<div class=\"elementor-element elementor-element-8657518 e-flex e-con-boxed e-con e-parent\" data-id=\"8657518\" data-element_type=\"container\" data-e-type=\"container\">\n\t\t\t\t\t<div class=\"e-con-inner\">\n\t\t\t\t<div class=\"elementor-element elementor-element-61762d4 elementor-widget-divider--view-line elementor-widget elementor-widget-divider\" data-id=\"61762d4\" data-element_type=\"widget\" data-e-type=\"widget\" data-widget_type=\"divider.default\">\n\t\t\t\t<div class=\"elementor-widget-container\">\n\t\t\t\t\t\t\t<div class=\"elementor-divider\">\n\t\t\t<span class=\"elementor-divider-separator\">\n\t\t\t\t\t\t<\/span>\n\t\t<\/div>\n\t\t\t\t\t\t<\/div>\n\t\t\t\t<\/div>\n\t\t\t\t<div class=\"elementor-element elementor-element-1b592bf elementor-widget elementor-widget-heading\" data-id=\"1b592bf\" data-element_type=\"widget\" data-e-type=\"widget\" data-widget_type=\"heading.default\">\n\t\t\t\t<div class=\"elementor-widget-container\">\n\t\t\t\t\t<h2 class=\"elementor-heading-title elementor-size-default\">Beklenen Sonu\u00e7lar<\/h2>\t\t\t\t<\/div>\n\t\t\t\t<\/div>\n\t\t\t\t<div class=\"elementor-element elementor-element-8e7459e elementor-widget elementor-widget-text-editor\" data-id=\"8e7459e\" data-element_type=\"widget\" data-e-type=\"widget\" data-widget_type=\"text-editor.default\">\n\t\t\t\t<div class=\"elementor-widget-container\">\n\t\t\t\t\t\t\t\t\t<p>&#8211; \u201cDo\u011fal K\u00f6kenler E\u011fitim Paketi\u201d, her biri be\u015fer \u00fcniteden olu\u015fan iki b\u00f6l\u00fcmden olu\u015facak ve toplamda 30 saatlik e\u011fitimden olu\u015facak. <br \/>&#8211; \u201cNaturalOrigins E\u011fitmenin E\u011fitimi K\u0131lavuzu\u201d <br \/>&#8211; Daha \u00f6nce bahsedilen her iki sonuca da an\u0131nda eri\u015fim sa\u011flayacak \u201cNaturalOrigins \u00c7evrimi\u00e7i \u00d6\u011frenme Alan\u0131\u201d <br \/>&#8211; \u201cDo\u011fal K\u00f6kenler At\u00f6lyeleri ve E\u011fitimi\u201d <br \/>&#8211; E\u011fitmenler ve ilgili kurulu\u015flar i\u00e7in Politika \u00d6nerileri Belgesi&#8221;<\/p>\n\t\t\t\t\t\t\t\t<\/div>\n\t\t\t\t<\/div>\n\t\t\t\t\t<\/div>\n\t\t\t\t<\/div>\n\t\t<div class=\"elementor-element elementor-element-215080f e-flex e-con-boxed e-con e-parent\" data-id=\"215080f\" data-element_type=\"container\" data-e-type=\"container\">\n\t\t\t\t\t<div class=\"e-con-inner\">\n\t\t\t\t<div class=\"elementor-element elementor-element-7a633aa elementor-widget-divider--view-line elementor-widget elementor-widget-divider\" data-id=\"7a633aa\" data-element_type=\"widget\" data-e-type=\"widget\" data-widget_type=\"divider.default\">\n\t\t\t\t<div class=\"elementor-widget-container\">\n\t\t\t\t\t\t\t<div class=\"elementor-divider\">\n\t\t\t<span class=\"elementor-divider-separator\">\n\t\t\t\t\t\t<\/span>\n\t\t<\/div>\n\t\t\t\t\t\t<\/div>\n\t\t\t\t<\/div>\n\t\t\t\t<div class=\"elementor-element elementor-element-6cac366 elementor-widget elementor-widget-heading\" data-id=\"6cac366\" data-element_type=\"widget\" data-e-type=\"widget\" data-widget_type=\"heading.default\">\n\t\t\t\t<div class=\"elementor-widget-container\">\n\t\t\t\t\t<h2 class=\"elementor-heading-title elementor-size-default\">Detaylar<\/h2>\t\t\t\t<\/div>\n\t\t\t\t<\/div>\n\t\t\t\t<div class=\"elementor-element elementor-element-60f77ae elementor-widget elementor-widget-text-editor\" data-id=\"60f77ae\" data-element_type=\"widget\" data-e-type=\"widget\" data-widget_type=\"text-editor.default\">\n\t\t\t\t<div class=\"elementor-widget-container\">\n\t\t\t\t\t\t\t\t\t<p>Program: Erasmus+<br \/>Ana Eylem: Kurum ve kurulu\u015flar aras\u0131nda i\u015fbirli\u011fi<br \/>Eylem T\u00fcr\u00fc: Gen\u00e7likte i\u015fbirli\u011fi ortakl\u0131klar\u0131<br \/>Proje Ba\u015flang\u0131\u00e7 \u200b\u200bTarihi: 01\/05\/2023<br \/>Proje Biti\u015f Tarihi: 31\/10\/2024<br \/>Proje S\u00fcresi: 18 ay<br \/>K\u0131saltma: NaturalOrigins<\/p>\n\t\t\t\t\t\t\t\t<\/div>\n\t\t\t\t<\/div>\n\t\t\t\t\t<\/div>\n\t\t\t\t<\/div>\n\t\t\t\t<\/div>\n\t\t","protected":false},"excerpt":{"rendered":"<p>Hakk\u0131nda Genel Bak\u0131\u015f Ana Hedef \u00d6zellikle do\u011fal \u00fcr\u00fcn ticareti alan\u0131nda k\u00fc\u00e7\u00fck \u00f6l\u00e7ekli i\u015f fikirlerini hayata ge\u00e7irmelerini destekleyecek giri\u015fimci zihniyetin geli\u015ftirilmesi yoluyla g\u00f6\u00e7men ge\u00e7mi\u015fi olan gen\u00e7lerin sosyal kat\u0131l\u0131m\u0131n\u0131 te\u015fvik etmek. Hedefler &#8211; Men\u015fei ve ev sahibi \u00fclkelerden gelen do\u011fal \u00fcr\u00fcnler hakk\u0131nda &hellip; <\/p>\n","protected":false},"author":1,"featured_media":0,"parent":0,"menu_order":0,"comment_status":"closed","ping_status":"closed","template":"elementor_header_footer","meta":{"footnotes":""},"class_list":["post-15345","page","type-page","status-publish","hentry"],"_links":{"self":[{"href":"https:\/\/natural-origins.eu\/tr\/wp-json\/wp\/v2\/pages\/15345","targetHints":{"allow":["GET"]}}],"collection":[{"href":"https:\/\/natural-origins.eu\/tr\/wp-json\/wp\/v2\/pages"}],"about":[{"href":"https:\/\/natural-origins.eu\/tr\/wp-json\/wp\/v2\/types\/page"}],"author":[{"embeddable":true,"href":"https:\/\/natural-origins.eu\/tr\/wp-json\/wp\/v2\/users\/1"}],"replies":[{"embeddable":true,"href":"https:\/\/natural-origins.eu\/tr\/wp-json\/wp\/v2\/comments?post=15345"}],"version-history":[{"count":1,"href":"https:\/\/natural-origins.eu\/tr\/wp-json\/wp\/v2\/pages\/15345\/revisions"}],"predecessor-version":[{"id":15346,"href":"https:\/\/natural-origins.eu\/tr\/wp-json\/wp\/v2\/pages\/15345\/revisions\/15346"}],"wp:attachment":[{"href":"https:\/\/natural-origins.eu\/tr\/wp-json\/wp\/v2\/media?parent=15345"}],"curies":[{"name":"wp","href":"https:\/\/api.w.org\/{rel}","templated":true}]}}